{"id":912,"date":"2013-02-07T15:34:14","date_gmt":"2013-02-07T13:34:14","guid":{"rendered":"https:\/\/wasa.ee\/?page_id=912"},"modified":"2018-01-31T16:18:49","modified_gmt":"2018-01-31T14:18:49","slug":"yrityksesta","status":"publish","type":"page","link":"https:\/\/wasa.ee\/fi\/yhteystiedot\/yrityksesta\/","title":{"rendered":"Yrityksest\u00e4"},"content":{"rendered":"<div id=\"pakett\"><\/p>\n<h4>WASA AS<\/h4>\n<p><b>Wasa\u00a0<b>Hotelli <b>&amp;<\/b> <\/b><\/b><strong>Kuntoutuskeskus<\/strong>\u00a0tarjoa kummassakin keskuksessa laajapohjaista hoitopalvelua ja paranemista edesauttavia hoitoja ja kuntoutuspalvelua. Mukava ja viihtyis\u00e4 majoitus takaa asiakkaillemme kodikkaan olon. Olemme vakuuttuneet, ett\u00e4 hyv\u00e4 kunto alkaa v\u00e4litt\u00e4misest\u00e4.<\/p>\n<p>Meid\u00e4n tavoitteenamme on tulla kuntoutuskeskukseksi, jota asiakkaat sek\u00e4 koti-Virossa ett\u00e4 rajan takana eniten arvostavat. P\u00e4ivitt\u00e4isess\u00e4 ty\u00f6ss\u00e4mme haluamme tarjota laadukasta palvelua ja henkil\u00f6kohtaista palvelua.<\/p>\n<p>ARVOMME<\/p>\n<p><b>P\u00e4tevyys<\/b><br \/>\nKehit\u00e4n itse\u00e4ni ja opettelen jatkuvasti uutta, olen progressiivinen ja k\u00e4yt\u00e4n ammattitaitojani oikeana aikana oikeassa paikassa. Tunnen hyvin palvelujamme ja ty\u00f6skentelen parhaani mukaan.<\/p>\n<p><b>Luotettavuus<\/b><br \/>\nAnnan vaan sellaisia lupauksia, joita pystyn pit\u00e4m\u00e4\u00e4n. Kunnioitan asiakkaitamme ja heid\u00e4n yksityisyytt\u00e4.<\/p>\n<p><b>V\u00e4litt\u00e4minen<\/b><br \/>\nV\u00e4lit\u00e4n asiakkaistani ja ty\u00f6kavereistani ja olen yst\u00e4v\u00e4llinen. Katson ja n\u00e4en, kuuntelen ja kuulen.<\/p>\n<p><b>Uskollisuus<\/b><br \/>\nOlen sitoutunut ty\u00f6h\u00f6ni ja etsin siin\u00e4 aina parhaita ratkaisuja.<br \/>\nOlen iloinen ja ylpe\u00e4, ett\u00e4 ty\u00f6skentelen yrityksess\u00e4mme ja autan my\u00f6s ty\u00f6kavereita, jos heill\u00e4 on vaikeaa.<\/p>\n<p><b>Yhteisty\u00f6<\/b><br \/>\nArvostan ty\u00f6kavereitani ja luotan heihin. Huomaan ja tunnustan heid\u00e4n onnistumisiaan.<br \/>\nUskallan my\u00f6nt\u00e4\u00e4 virheit\u00e4ni ja tuoda esille heikkoudet muidenkin toiminnassa.<\/p>\n<hr \/>\n<p><strong>WASA AS<\/strong><br \/>\nEha 2, P\u00e4rnu, 80010<br \/>\npuhelin: +372 44 50750<br \/>\n<a href=\"info@wasa.ee\">info@wasa.ee<\/a><br \/>\n<a href=\"www.wasa.ee\">www.wasa.ee<\/a><\/p>\n<p><\/div>\n","protected":false},"excerpt":{"rendered":"WASA AS Wasa\u00a0Hotelli &amp; Kuntoutuskeskus\u00a0tarjoa kummassakin keskuksessa laajapohjaista hoitopalvelua ja paranemista edesauttavia hoitoja ja kuntoutuspalvelua. [...]","protected":false},"author":23,"featured_media":0,"parent":904,"menu_order":99,"comment_status":"closed","ping_status":"closed","template":"","meta":{"footnotes":""},"class_list":["post-912","page","type-page","status-publish","hentry"],"_links":{"self":[{"href":"https:\/\/wasa.ee\/fi\/wp-json\/wp\/v2\/pages\/912","targetHints":{"allow":["GET"]}}],"collection":[{"href":"https:\/\/wasa.ee\/fi\/wp-json\/wp\/v2\/pages"}],"about":[{"href":"https:\/\/wasa.ee\/fi\/wp-json\/wp\/v2\/types\/page"}],"author":[{"embeddable":true,"href":"https:\/\/wasa.ee\/fi\/wp-json\/wp\/v2\/users\/23"}],"replies":[{"embeddable":true,"href":"https:\/\/wasa.ee\/fi\/wp-json\/wp\/v2\/comments?post=912"}],"version-history":[{"count":13,"href":"https:\/\/wasa.ee\/fi\/wp-json\/wp\/v2\/pages\/912\/revisions"}],"predecessor-version":[{"id":11358,"href":"https:\/\/wasa.ee\/fi\/wp-json\/wp\/v2\/pages\/912\/revisions\/11358"}],"up":[{"embeddable":true,"href":"https:\/\/wasa.ee\/fi\/wp-json\/wp\/v2\/pages\/904"}],"wp:attachment":[{"href":"https:\/\/wasa.ee\/fi\/wp-json\/wp\/v2\/media?parent=912"}],"curies":[{"name":"wp","href":"https:\/\/api.w.org\/{rel}","templated":true}]}}